{"id":7,"date":"2025-09-05T17:49:51","date_gmt":"2025-09-05T15:49:51","guid":{"rendered":"https:\/\/venteplus.fr\/?page_id=7"},"modified":"2025-09-05T17:49:51","modified_gmt":"2025-09-05T15:49:51","slug":"panier","status":"publish","type":"page","link":"https:\/\/venteplus.fr\/?page_id=7","title":{"rendered":"Panier"},"content":{"rendered":"\n<div data-block-name=\"woocommerce\/cart\" class=\"wp-block-woocommerce-cart alignwide is-loading\">\n<div data-block-name=\"woocommerce\/filled-cart-block\" class=\"wp-block-woocommerce-filled-cart-block\">\n<div data-block-name=\"woocommerce\/cart-items-block\" class=\"wp-block-woocommerce-cart-items-block\">\n<div data-block-name=\"woocommerce\/cart-line-items-block\" class=\"wp-block-woocommerce-cart-line-items-block\"><\/div>\n\n\n\n<div data-block-name=\"woocommerce\/cart-cross-sells-block\" class=\"wp-block-woocommerce-cart-cross-sells-block\">\n<h2 class=\"wp-block-heading has-large-font-size\">\u00c7a peut vous int\u00e9resser&#8230;<\/h2>\n\n\n\n<div data-block-name=\"woocommerce\/cart-cross-sells-products-block\" class=\"wp-block-woocommerce-cart-cross-sells-products-block\"><\/div>\n<\/div>\n<\/div>\n\n\n\n<div data-block-name=\"woocommerce\/cart-totals-block\" class=\"wp-block-woocommerce-cart-totals-block\">\n<div data-block-name=\"woocommerce\/cart-order-summary-block\" class=\"wp-block-woocommerce-cart-order-summary-block\">\n<div data-block-name=\"woocommerce\/cart-order-summary-heading-block\" class=\"wp-block-woocommerce-cart-order-summary-heading-block\"><\/div><div data-block-name=\"woocommerce\/cart-order-summary-coupon-form-block\" class=\"wp-block-woocommerce-cart-order-summary-coupon-form-block\"><\/div><div data-block-name=\"woocommerce\/cart-order-summary-totals-block\" class=\"wp-block-woocommerce-cart-order-summary-totals-block\">\n<div data-block-name=\"woocommerce\/cart-order-summary-subtotal-block\" class=\"wp-block-woocommerce-cart-order-summary-subtotal-block\"><\/div>\n<div data-block-name=\"woocommerce\/cart-order-summary-discount-block\" class=\"wp-block-woocommerce-cart-order-summary-discount-block\"><\/div>\n<div data-block-name=\"woocommerce\/cart-order-summary-fee-block\" class=\"wp-block-woocommerce-cart-order-summary-fee-block\"><\/div>\n<div data-block-name=\"woocommerce\/cart-order-summary-shipping-block\" class=\"wp-block-woocommerce-cart-order-summary-shipping-block\"><\/div>\n<div data-block-name=\"woocommerce\/cart-order-summary-taxes-block\" class=\"wp-block-woocommerce-cart-order-summary-taxes-block\"><\/div><\/div>\n<\/div>\n\n\n\n<div data-block-name=\"woocommerce-paypal-payments\/cart-paylater-messages\" data-pp-placement=\"cart\" data-pp-style-layout=\"text\" data-pp-style-logo-position=\"\" data-pp-style-logo-type=\"\" data-pp-style-text-color=\"\" data-pp-style-text-size=\"\" id=\"ppcp-cart-paylater-messages\" class=\"ppcp-messages\" data-partner-attribution-id=\"Woo_PPCP\"><\/div><div data-block-name=\"woocommerce\/cart-express-payment-block\" class=\"wp-block-woocommerce-cart-express-payment-block\"><\/div>\n\n\n\n<div data-block-name=\"woocommerce\/proceed-to-checkout-block\" class=\"wp-block-woocommerce-proceed-to-checkout-block\"><\/div>\n<div id=\"ppcp-recaptcha-v2-container\" style=\"margin:20px 0;\"><\/div>\n\n\n<div data-block-name=\"woocommerce\/cart-accepted-payment-methods-block\" class=\"wp-block-woocommerce-cart-accepted-payment-methods-block\"><\/div>\n<\/div>\n<\/div>\n\n\n\n<div data-block-name=\"woocommerce\/empty-cart-block\" class=\"wp-block-woocommerce-empty-cart-block\">\n<h2 class=\"wp-block-heading has-text-align-center with-empty-cart-icon wc-block-cart__empty-cart__title\">Votre panier est actuellement vide\u00a0!<\/h2>\n\n\n\n<hr class=\"wp-block-separator has-alpha-channel-opacity is-style-dots\"\/>\n\n\n\n<h2 class=\"wp-block-heading has-text-align-center\">Nouveau dans la boutique<\/h2>\n\n\n<div data-block-name=\"woocommerce\/product-new\" data-columns=\"4\" data-rows=\"1\" class=\"wc-block-grid wp-block-product-new wp-block-woocommerce-product-new wc-block-product-new has-4-columns\"><ul class=\"wc-block-grid__products\"><li class=\"wc-block-grid__product\">\n\t\t\t\t<a href=\"https:\/\/venteplus.fr\/?product=haut-parleur-bluetooth-3-en-1-batterie-externe-pliable-haut-parleur-sans-fil-support-de-telephone-avec-coussinets-antiderapants-pour-reunion-video-en-direct\" class=\"wc-block-grid__product-link\">\n\t\t\t\t\t\n\t\t\t\t\t<div class=\"wc-block-grid__product-image\"><img fetchpriority=\"high\" decoding=\"async\" width=\"650\" height=\"650\" src=\"https:\/\/ae01.alicdn.com\/kf\/S1123731298d3421f9a2b81f55a2d7347a.jpg\" class=\"attachment-woocommerce_thumbnail size-woocommerce_thumbnail\" alt=\"Haut-parleur Bluetooth 3 en 1, batterie externe pliable, haut-parleur sans fil, support de t\u00e9l\u00e9phone avec coussinets antid\u00e9rapants pour r\u00e9union vid\u00e9o en direct 1\" srcset=\"https:\/\/ae01.alicdn.com\/kf\/S1123731298d3421f9a2b81f55a2d7347a.jpg 800w, https:\/\/ae01.alicdn.com\/kf\/S1123731298d3421f9a2b81f55a2d7347a.jpg_200x200.jpg 200w, https:\/\/ae01.alicdn.com\/kf\/S1123731298d3421f9a2b81f55a2d7347a.jpg_350x350.jpg 350w, https:\/\/ae01.alicdn.com\/kf\/S1123731298d3421f9a2b81f55a2d7347a.jpg_100x100.jpg 100w, https:\/\/ae01.alicdn.com\/kf\/S1123731298d3421f9a2b81f55a2d7347a.jpg_640x640.jpg 640w\" sizes=\"(max-width: 650px) 100vw, 650px\" \/><\/div>\n\t\t\t\t\t<div class=\"wc-block-grid__product-title\">Haut-parleur Bluetooth 3 en 1, batterie externe pliable, haut-parleur sans fil, support de t\u00e9l\u00e9phone avec coussinets antid\u00e9rapants pour r\u00e9union vid\u00e9o en direct<\/div>\n\t\t\t\t<\/a>\n\t\t\t\t<div class=\"wc-block-grid__product-price price\"><span class=\"woocommerce-Price-amount amount\">8,99&nbsp;<span class=\"woocommerce-Price-currencySymbol\">&euro;<\/span><\/span><\/div>\n\t\t\t\t<div class=\"wc-block-grid__product-rating\"><div class=\"star-rating\" role=\"img\" aria-label=\"Note 5.00 sur 5\"><span class=\"max-rating rating-stars\"><span class=\"shopwell-svg-icon shopwell-svg-icon--star\" ><svg width=\"24\" height=\"24\" aria-hidden=\"true\" role=\"img\" focusable=\"false\" viewBox=\"0 0 32 32\"><path d=\"M16 1.333l3.467 11.2h11.2l-9.067 6.933 3.467 11.2-9.067-6.933-9.067 6.933 3.467-11.2-9.067-6.933h11.2z\"><\/path><\/svg><\/span><span class=\"shopwell-svg-icon shopwell-svg-icon--star\" ><svg width=\"24\" height=\"24\" aria-hidden=\"true\" role=\"img\" focusable=\"false\" viewBox=\"0 0 32 32\"><path d=\"M16 1.333l3.467 11.2h11.2l-9.067 6.933 3.467 11.2-9.067-6.933-9.067 6.933 3.467-11.2-9.067-6.933h11.2z\"><\/path><\/svg><\/span><span class=\"shopwell-svg-icon shopwell-svg-icon--star\" ><svg width=\"24\" height=\"24\" aria-hidden=\"true\" role=\"img\" focusable=\"false\" viewBox=\"0 0 32 32\"><path d=\"M16 1.333l3.467 11.2h11.2l-9.067 6.933 3.467 11.2-9.067-6.933-9.067 6.933 3.467-11.2-9.067-6.933h11.2z\"><\/path><\/svg><\/span><span class=\"shopwell-svg-icon shopwell-svg-icon--star\" ><svg width=\"24\" height=\"24\" aria-hidden=\"true\" role=\"img\" focusable=\"false\" viewBox=\"0 0 32 32\"><path d=\"M16 1.333l3.467 11.2h11.2l-9.067 6.933 3.467 11.2-9.067-6.933-9.067 6.933 3.467-11.2-9.067-6.933h11.2z\"><\/path><\/svg><\/span><span class=\"shopwell-svg-icon shopwell-svg-icon--star\" ><svg width=\"24\" height=\"24\" aria-hidden=\"true\" role=\"img\" focusable=\"false\" viewBox=\"0 0 32 32\"><path d=\"M16 1.333l3.467 11.2h11.2l-9.067 6.933 3.467 11.2-9.067-6.933-9.067 6.933 3.467-11.2-9.067-6.933h11.2z\"><\/path><\/svg><\/span><\/span><span class=\"user-rating rating-stars\" style=\"width:100%\"><span class=\"shopwell-svg-icon shopwell-svg-icon--star\" ><svg width=\"24\" height=\"24\" aria-hidden=\"true\" role=\"img\" focusable=\"false\" viewBox=\"0 0 32 32\"><path d=\"M16 1.333l3.467 11.2h11.2l-9.067 6.933 3.467 11.2-9.067-6.933-9.067 6.933 3.467-11.2-9.067-6.933h11.2z\"><\/path><\/svg><\/span><span class=\"shopwell-svg-icon shopwell-svg-icon--star\" ><svg width=\"24\" height=\"24\" aria-hidden=\"true\" role=\"img\" focusable=\"false\" viewBox=\"0 0 32 32\"><path d=\"M16 1.333l3.467 11.2h11.2l-9.067 6.933 3.467 11.2-9.067-6.933-9.067 6.933 3.467-11.2-9.067-6.933h11.2z\"><\/path><\/svg><\/span><span class=\"shopwell-svg-icon shopwell-svg-icon--star\" ><svg width=\"24\" height=\"24\" aria-hidden=\"true\" role=\"img\" focusable=\"false\" viewBox=\"0 0 32 32\"><path d=\"M16 1.333l3.467 11.2h11.2l-9.067 6.933 3.467 11.2-9.067-6.933-9.067 6.933 3.467-11.2-9.067-6.933h11.2z\"><\/path><\/svg><\/span><span class=\"shopwell-svg-icon shopwell-svg-icon--star\" ><svg width=\"24\" height=\"24\" aria-hidden=\"true\" role=\"img\" focusable=\"false\" viewBox=\"0 0 32 32\"><path d=\"M16 1.333l3.467 11.2h11.2l-9.067 6.933 3.467 11.2-9.067-6.933-9.067 6.933 3.467-11.2-9.067-6.933h11.2z\"><\/path><\/svg><\/span><span class=\"shopwell-svg-icon shopwell-svg-icon--star\" ><svg width=\"24\" height=\"24\" aria-hidden=\"true\" role=\"img\" focusable=\"false\" viewBox=\"0 0 32 32\"><path d=\"M16 1.333l3.467 11.2h11.2l-9.067 6.933 3.467 11.2-9.067-6.933-9.067 6.933 3.467-11.2-9.067-6.933h11.2z\"><\/path><\/svg><\/span><\/span><span class=\"screen-reader-text\">\u00c9valu\u00e9 <strong class=\"rating\">5.00<\/strong> sur 5 sur la base de <span class=\"rating\">1<\/span> \u00e9valuation client<\/span><\/div><\/div>\n\t\t\t\t<div class=\"wp-block-button wc-block-grid__product-add-to-cart\"><a href=\"\/index.php?rest_route=%2Fwp%2Fv2%2Fpages%2F7&#038;add-to-cart=23876\" aria-label=\"Ajouter au panier\u00a0: &ldquo;Haut-parleur Bluetooth 3 en 1, batterie externe pliable, haut-parleur sans fil, support de t\u00e9l\u00e9phone avec coussinets antid\u00e9rapants pour r\u00e9union vid\u00e9o en direct&rdquo;\" data-quantity=\"1\" data-product_id=\"23876\" data-product_sku=\"GYTAMTLBPX7R\" data-price=\"8.99\" rel=\"nofollow\" class=\"wp-block-button__link  add_to_cart_button ajax_add_to_cart\">Ajouter<\/a><\/div>\n\t\t\t<\/li><li class=\"wc-block-grid__product\">\n\t\t\t\t<a href=\"https:\/\/venteplus.fr\/?product=portefeuille-homme-en-cuir-veritable-compact-elegant-et-resistant-portefeuille-court-avec-emplacements-cartes-billets-et-monnaie-couleur-noire\" class=\"wc-block-grid__product-link\">\n\t\t\t\t\t\n\t\t\t\t\t<div class=\"wc-block-grid__product-image\"><img decoding=\"async\" width=\"650\" height=\"650\" src=\"https:\/\/ae01.alicdn.com\/kf\/S96fe6db6c7174f9dbd22289ccf36f8e9w\/Portefeuille-en-cuir-v-ritable-pour-hommes-produit-Premium-portefeuilles-en-peau-de-vache-v-ritable.jpg\" class=\"attachment-woocommerce_thumbnail size-woocommerce_thumbnail\" alt=\"Portefeuille Homme en Cuir V\u00e9ritable \u2013 Compact, \u00c9l\u00e9gant et R\u00e9sistant \u2013 Portefeuille Court avec Emplacements Cartes, Billets et Monnaie \u2013 Couleur Noire 1\" srcset=\"https:\/\/ae01.alicdn.com\/kf\/S96fe6db6c7174f9dbd22289ccf36f8e9w\/Portefeuille-en-cuir-v-ritable-pour-hommes-produit-Premium-portefeuilles-en-peau-de-vache-v-ritable.jpg 800w, https:\/\/ae01.alicdn.com\/kf\/S96fe6db6c7174f9dbd22289ccf36f8e9w\/Portefeuille-en-cuir-v-ritable-pour-hommes-produit-Premium-portefeuilles-en-peau-de-vache-v-ritable.jpg_200x200.jpg 200w, https:\/\/ae01.alicdn.com\/kf\/S96fe6db6c7174f9dbd22289ccf36f8e9w\/Portefeuille-en-cuir-v-ritable-pour-hommes-produit-Premium-portefeuilles-en-peau-de-vache-v-ritable.jpg_350x350.jpg 350w, https:\/\/ae01.alicdn.com\/kf\/S96fe6db6c7174f9dbd22289ccf36f8e9w\/Portefeuille-en-cuir-v-ritable-pour-hommes-produit-Premium-portefeuilles-en-peau-de-vache-v-ritable.jpg_100x100.jpg 100w, https:\/\/ae01.alicdn.com\/kf\/S96fe6db6c7174f9dbd22289ccf36f8e9w\/Portefeuille-en-cuir-v-ritable-pour-hommes-produit-Premium-portefeuilles-en-peau-de-vache-v-ritable.jpg_640x640.jpg 640w\" sizes=\"(max-width: 650px) 100vw, 650px\" \/><\/div>\n\t\t\t\t\t<div class=\"wc-block-grid__product-title\">Portefeuille Homme en Cuir V\u00e9ritable \u2013 Compact, \u00c9l\u00e9gant et R\u00e9sistant \u2013 Portefeuille Court avec Emplacements Cartes, Billets et Monnaie \u2013 Couleur Noire<\/div>\n\t\t\t\t<\/a>\n\t\t\t\t<div class=\"wc-block-grid__product-price price\"><span class=\"woocommerce-Price-amount amount\">9,99&nbsp;<span class=\"woocommerce-Price-currencySymbol\">&euro;<\/span><\/span><\/div>\n\t\t\t\t\n\t\t\t\t<div class=\"wp-block-button wc-block-grid__product-add-to-cart\"><a href=\"https:\/\/venteplus.fr\/?product=portefeuille-homme-en-cuir-veritable-compact-elegant-et-resistant-portefeuille-court-avec-emplacements-cartes-billets-et-monnaie-couleur-noire\" aria-label=\"S\u00e9lectionner les options pour &ldquo;Portefeuille Homme en Cuir V\u00e9ritable \u2013 Compact, \u00c9l\u00e9gant et R\u00e9sistant \u2013 Portefeuille Court avec Emplacements Cartes, Billets et Monnaie \u2013 Couleur Noire&rdquo;\" data-quantity=\"1\" data-product_id=\"23833\" data-product_sku=\"6W2WBAC0GTDJ\" data-price=\"9.99\" rel=\"nofollow\" class=\"wp-block-button__link  add_to_cart_button\">Ajouter<\/a><\/div>\n\t\t\t<\/li><li class=\"wc-block-grid__product\">\n\t\t\t\t<a href=\"https:\/\/venteplus.fr\/?product=vgr-v-375-rasoir-tondeuse-electrique-homme-tondeuse-barbe-professionnelle-rechargeable-2-en-1-finition-precise-rasoir-reciproque\" class=\"wc-block-grid__product-link\">\n\t\t\t\t\t\n\t\t\t\t\t<div class=\"wc-block-grid__product-image\"><img decoding=\"async\" width=\"650\" height=\"650\" src=\"https:\/\/ae01.alicdn.com\/kf\/Saa797ca05a2d46269b8e1fd1f3a42762b\/VGR-Rasoir-tondeuse-homme-professionnelle-Rechargeable-Rasoir-Professionnel-rasoir-Tondeuse-rasoir-lectrique-homme-barbe-lectrique-Tondeuse.jpg\" class=\"attachment-woocommerce_thumbnail size-woocommerce_thumbnail\" alt=\"VGR V-375 Rasoir Tondeuse \u00c9lectrique Homme \u2013 Tondeuse Barbe Professionnelle Rechargeable 2-en-1, Finition Pr\u00e9cise, Rasoir R\u00e9ciproque 1\" srcset=\"https:\/\/ae01.alicdn.com\/kf\/Saa797ca05a2d46269b8e1fd1f3a42762b\/VGR-Rasoir-tondeuse-homme-professionnelle-Rechargeable-Rasoir-Professionnel-rasoir-Tondeuse-rasoir-lectrique-homme-barbe-lectrique-Tondeuse.jpg 800w, https:\/\/ae01.alicdn.com\/kf\/Saa797ca05a2d46269b8e1fd1f3a42762b\/VGR-Rasoir-tondeuse-homme-professionnelle-Rechargeable-Rasoir-Professionnel-rasoir-Tondeuse-rasoir-lectrique-homme-barbe-lectrique-Tondeuse.jpg_200x200.jpg 200w, https:\/\/ae01.alicdn.com\/kf\/Saa797ca05a2d46269b8e1fd1f3a42762b\/VGR-Rasoir-tondeuse-homme-professionnelle-Rechargeable-Rasoir-Professionnel-rasoir-Tondeuse-rasoir-lectrique-homme-barbe-lectrique-Tondeuse.jpg_350x350.jpg 350w, https:\/\/ae01.alicdn.com\/kf\/Saa797ca05a2d46269b8e1fd1f3a42762b\/VGR-Rasoir-tondeuse-homme-professionnelle-Rechargeable-Rasoir-Professionnel-rasoir-Tondeuse-rasoir-lectrique-homme-barbe-lectrique-Tondeuse.jpg_100x100.jpg 100w, https:\/\/ae01.alicdn.com\/kf\/Saa797ca05a2d46269b8e1fd1f3a42762b\/VGR-Rasoir-tondeuse-homme-professionnelle-Rechargeable-Rasoir-Professionnel-rasoir-Tondeuse-rasoir-lectrique-homme-barbe-lectrique-Tondeuse.jpg_640x640.jpg 640w\" sizes=\"(max-width: 650px) 100vw, 650px\" \/><\/div>\n\t\t\t\t\t<div class=\"wc-block-grid__product-title\">VGR V-375 Rasoir Tondeuse \u00c9lectrique Homme \u2013 Tondeuse Barbe Professionnelle Rechargeable 2-en-1, Finition Pr\u00e9cise, Rasoir R\u00e9ciproque<\/div>\n\t\t\t\t<\/a>\n\t\t\t\t<div class=\"wc-block-grid__product-price price\"><span class=\"woocommerce-Price-amount amount\" aria-hidden=\"true\">14,00&nbsp;<span class=\"woocommerce-Price-currencySymbol\">&euro;<\/span><\/span> <span aria-hidden=\"true\">\u00a0\u2013\u00a0<\/span> <span class=\"woocommerce-Price-amount amount\" aria-hidden=\"true\">16,00&nbsp;<span class=\"woocommerce-Price-currencySymbol\">&euro;<\/span><\/span><span class=\"screen-reader-text\">Plage de prix\u00a0: 14,00&nbsp;&euro; \u00e0 16,00&nbsp;&euro;<\/span><\/div>\n\t\t\t\t\n\t\t\t\t<div class=\"wp-block-button wc-block-grid__product-add-to-cart\"><a href=\"https:\/\/venteplus.fr\/?product=vgr-v-375-rasoir-tondeuse-electrique-homme-tondeuse-barbe-professionnelle-rechargeable-2-en-1-finition-precise-rasoir-reciproque\" aria-label=\"S\u00e9lectionner les options pour &ldquo;VGR V-375 Rasoir Tondeuse \u00c9lectrique Homme \u2013 Tondeuse Barbe Professionnelle Rechargeable 2-en-1, Finition Pr\u00e9cise, Rasoir R\u00e9ciproque&rdquo;\" data-quantity=\"1\" data-product_id=\"23814\" data-product_sku=\"VCIP26ABC4IU\" data-price=\"14\" rel=\"nofollow\" class=\"wp-block-button__link  add_to_cart_button\">Ajouter<\/a><\/div>\n\t\t\t<\/li><li class=\"wc-block-grid__product\">\n\t\t\t\t<a href=\"https:\/\/venteplus.fr\/?product=sac-de-taille-mobile-pour-hommes-et-femmes-multifonctionnel-grande-capacite-anti-eclaboussures-resistant-a-lusure-pour-chantier-de-construction\" class=\"wc-block-grid__product-link\">\n\t\t\t\t\t<div class=\"wc-block-grid__product-onsale\">\n\t\t\t<span aria-hidden=\"true\">Promo<\/span>\n\t\t\t<span class=\"screen-reader-text\">Produit en promotion<\/span>\n\t\t<\/div>\n\t\t\t\t\t<div class=\"wc-block-grid__product-image\"><img loading=\"lazy\" decoding=\"async\" width=\"650\" height=\"650\" src=\"https:\/\/ae01.alicdn.com\/kf\/Sec0c02d5c9be4a27abc1db6b81276e0aD\/Sac-de-taille-Mobile-pour-hommes-et-femmes-multifonctionnel-grande-capacit-Anti-claboussures-r-sistant-l.jpg\" class=\"attachment-woocommerce_thumbnail size-woocommerce_thumbnail\" alt=\"Sac de taille Mobile pour hommes et femmes, multifonctionnel, grande capacit\u00e9, Anti-\u00e9claboussures, r\u00e9sistant \u00e0 l&#039;usure, pour chantier de Construction 1\" srcset=\"https:\/\/ae01.alicdn.com\/kf\/Sec0c02d5c9be4a27abc1db6b81276e0aD\/Sac-de-taille-Mobile-pour-hommes-et-femmes-multifonctionnel-grande-capacit-Anti-claboussures-r-sistant-l.jpg 800w, https:\/\/ae01.alicdn.com\/kf\/Sec0c02d5c9be4a27abc1db6b81276e0aD\/Sac-de-taille-Mobile-pour-hommes-et-femmes-multifonctionnel-grande-capacit-Anti-claboussures-r-sistant-l.jpg_200x200.jpg 200w, https:\/\/ae01.alicdn.com\/kf\/Sec0c02d5c9be4a27abc1db6b81276e0aD\/Sac-de-taille-Mobile-pour-hommes-et-femmes-multifonctionnel-grande-capacit-Anti-claboussures-r-sistant-l.jpg_350x350.jpg 350w, https:\/\/ae01.alicdn.com\/kf\/Sec0c02d5c9be4a27abc1db6b81276e0aD\/Sac-de-taille-Mobile-pour-hommes-et-femmes-multifonctionnel-grande-capacit-Anti-claboussures-r-sistant-l.jpg_100x100.jpg 100w, https:\/\/ae01.alicdn.com\/kf\/Sec0c02d5c9be4a27abc1db6b81276e0aD\/Sac-de-taille-Mobile-pour-hommes-et-femmes-multifonctionnel-grande-capacit-Anti-claboussures-r-sistant-l.jpg_640x640.jpg 640w\" sizes=\"(max-width: 650px) 100vw, 650px\" \/><\/div>\n\t\t\t\t\t<div class=\"wc-block-grid__product-title\">Sac de taille Mobile pour hommes et femmes<\/div>\n\t\t\t\t<\/a>\n\t\t\t\t<div class=\"wc-block-grid__product-price price\"><del aria-hidden=\"true\"><span class=\"woocommerce-Price-amount amount\">11,99&nbsp;<span class=\"woocommerce-Price-currencySymbol\">&euro;<\/span><\/span><\/del> <span class=\"screen-reader-text\">Le prix initial \u00e9tait\u00a0: 11,99&nbsp;&euro;.<\/span><ins aria-hidden=\"true\"><span class=\"woocommerce-Price-amount amount\">9,99&nbsp;<span class=\"woocommerce-Price-currencySymbol\">&euro;<\/span><\/span><\/ins><span class=\"screen-reader-text\">Le prix actuel est\u00a0: 9,99&nbsp;&euro;.<\/span><\/div>\n\t\t\t\t\n\t\t\t\t<div class=\"wp-block-button wc-block-grid__product-add-to-cart\"><a href=\"\/index.php?rest_route=%2Fwp%2Fv2%2Fpages%2F7&#038;add-to-cart=23751\" aria-label=\"Ajouter au panier\u00a0: &ldquo;Sac de taille Mobile pour hommes et femmes&rdquo;\" data-quantity=\"1\" data-product_id=\"23751\" data-product_sku=\"HOXPLO6F8DBY\" data-price=\"9.99\" rel=\"nofollow\" class=\"wp-block-button__link  add_to_cart_button ajax_add_to_cart\">Ajouter<\/a><\/div>\n\t\t\t<\/li><\/ul><\/div><\/div>\n<\/div>\n","protected":false},"excerpt":{"rendered":"","protected":false},"author":1,"featured_media":0,"parent":0,"menu_order":0,"comment_status":"closed","ping_status":"closed","template":"","meta":{"footnotes":""},"class_list":["post-7","page","type-page","status-publish","hentry"],"aioseo_notices":[],"_hostinger_reach_plugin_has_subscription_block":false,"_hostinger_reach_plugin_is_elementor":false,"jetpack_sharing_enabled":true,"_links":{"self":[{"href":"https:\/\/venteplus.fr\/index.php?rest_route=\/wp\/v2\/pages\/7","targetHints":{"allow":["GET"]}}],"collection":[{"href":"https:\/\/venteplus.fr\/index.php?rest_route=\/wp\/v2\/pages"}],"about":[{"href":"https:\/\/venteplus.fr\/index.php?rest_route=\/wp\/v2\/types\/page"}],"author":[{"embeddable":true,"href":"https:\/\/venteplus.fr\/index.php?rest_route=\/wp\/v2\/users\/1"}],"replies":[{"embeddable":true,"href":"https:\/\/venteplus.fr\/index.php?rest_route=%2Fwp%2Fv2%2Fcomments&post=7"}],"version-history":[{"count":0,"href":"https:\/\/venteplus.fr\/index.php?rest_route=\/wp\/v2\/pages\/7\/revisions"}],"wp:attachment":[{"href":"https:\/\/venteplus.fr\/index.php?rest_route=%2Fwp%2Fv2%2Fmedia&parent=7"}],"curies":[{"name":"wp","href":"https:\/\/api.w.org\/{rel}","templated":true}]}}