{"id":20710,"date":"2024-10-29T09:12:49","date_gmt":"2024-10-29T09:12:49","guid":{"rendered":"https:\/\/demo.peregrine-themes.com\/shopwell\/lite\/?page_id=20710"},"modified":"2024-10-29T09:12:49","modified_gmt":"2024-10-29T09:12:49","slug":"order-tracking","status":"publish","type":"page","link":"https:\/\/venteplus.fr\/?page_id=20710","title":{"rendered":"Track Order"},"content":{"rendered":"<div class=\"woocommerce\">\n<form action=\"https:\/\/venteplus.fr\/?page_id=20710\" method=\"post\" class=\"woocommerce-form woocommerce-form-track-order track_order\">\n\n\t\n\t<p>Pour suivre votre commande, veuillez saisir l\u2019ID de votre commande dans la case ci-dessous et appuyer sur le bouton \u00ab\u00a0Suivre\u00a0\u00bb. Cela vous a \u00e9t\u00e9 donn\u00e9 sur votre re\u00e7u et dans l\u2019e-mail de confirmation que vous auriez d\u00fb recevoir.<\/p>\n\t<div class=\"form-tracking-order-info\">\n\t\t<p class=\"form-row form-row-first\"><label for=\"orderid\">ID de la commande<\/label> <input class=\"input-text\" type=\"text\" name=\"orderid\" id=\"orderid\" value=\"\" placeholder=\"Pr\u00e9sent dans l\u2019e-mail de confirmation de commande.\" \/><\/p>\t\t<p class=\"form-row form-row-last\"><label for=\"order_email\">E-mail de facturation<\/label> <input class=\"input-text\" type=\"text\" name=\"order_email\" id=\"order_email\" value=\"\" placeholder=\"E-mail que vous avez utilis\u00e9 lors de la commande.\" \/><\/p>\t\t<div class=\"clear\"><\/div>\n\n\t\t\n\t\t<p class=\"form-row\"><button type=\"submit\" class=\"button\" name=\"track\" value=\"Suivi\">Suivi<\/button><\/p>\n\t\t<input type=\"hidden\" id=\"woocommerce-order-tracking-nonce\" name=\"woocommerce-order-tracking-nonce\" value=\"b1f11fa25b\" \/><input type=\"hidden\" name=\"_wp_http_referer\" value=\"\/index.php?rest_route=%2Fwp%2Fv2%2Fpages%2F20710\" \/>\t<\/div>\n\t\n<\/form>\n<\/div>\n","protected":false},"excerpt":{"rendered":"","protected":false},"author":1,"featured_media":0,"parent":0,"menu_order":0,"comment_status":"closed","ping_status":"closed","template":"","meta":{"footnotes":""},"class_list":["post-20710","page","type-page","status-publish","hentry"],"aioseo_notices":[],"_hostinger_reach_plugin_has_subscription_block":false,"_hostinger_reach_plugin_is_elementor":false,"jetpack_sharing_enabled":true,"_links":{"self":[{"href":"https:\/\/venteplus.fr\/index.php?rest_route=\/wp\/v2\/pages\/20710","targetHints":{"allow":["GET"]}}],"collection":[{"href":"https:\/\/venteplus.fr\/index.php?rest_route=\/wp\/v2\/pages"}],"about":[{"href":"https:\/\/venteplus.fr\/index.php?rest_route=\/wp\/v2\/types\/page"}],"author":[{"embeddable":true,"href":"https:\/\/venteplus.fr\/index.php?rest_route=\/wp\/v2\/users\/1"}],"replies":[{"embeddable":true,"href":"https:\/\/venteplus.fr\/index.php?rest_route=%2Fwp%2Fv2%2Fcomments&post=20710"}],"version-history":[{"count":0,"href":"https:\/\/venteplus.fr\/index.php?rest_route=\/wp\/v2\/pages\/20710\/revisions"}],"wp:attachment":[{"href":"https:\/\/venteplus.fr\/index.php?rest_route=%2Fwp%2Fv2%2Fmedia&parent=20710"}],"curies":[{"name":"wp","href":"https:\/\/api.w.org\/{rel}","templated":true}]}}